{"id":106,"date":"2022-02-16T13:15:27","date_gmt":"2022-02-16T11:15:27","guid":{"rendered":"https:\/\/www.cssigniter.com\/demos\/oikia\/?page_id=106"},"modified":"2022-05-19T22:33:44","modified_gmt":"2022-05-19T20:33:44","slug":"propety-search","status":"publish","type":"page","link":"https:\/\/nowa.ziemowit.net\/index.php\/propety-search\/","title":{"rendered":"Wyniki wyszukiwania:"},"content":{"rendered":"\n<div id=\"block-326e5c-b6ea-4e\" class=\"wp-block-gutenbee-container alignfull block-326e5c-b6ea-4e\"><style>.wp-block-gutenbee-container.block-326e5c-b6ea-4e { height: 500px; }<\/style><div class=\"wp-block-gutenbee-container-inner\"><div class=\"wp-block-gutenbee-container-row wp-block-gutenbee-container-lg\">\n<div class=\"wp-block-gutenbee-column block-6c33d0-8f50-46\"><style>.wp-block-gutenbee-column.block-6c33d0-8f50-46 { flex-basis: 100%; }\n\n\n      @media (max-width: 991px) {\n        .wp-block-gutenbee-column.block-6c33d0-8f50-46 { flex-basis: 100%; }\n      }\n    \n\n      @media (max-width: 575px) {\n        .wp-block-gutenbee-column.block-6c33d0-8f50-46 { flex-basis: 100%; }\n      }<\/style><div class=\"wp-block-gutenbee-column-content\">\t<div class=\"hero-map\">\n\t\t<div id=\"ignition_properties_map\" class=\"ignition-properties-map map\" data-query=\"property_search=1&amp;post_type=ignition-property&amp;action=ignition_get_property_search_map_data&amp;page=0&amp;reference_id&amp;max_price&amp;min_bedrooms&amp;min_bathrooms&amp;s_property_type&amp;s_property_status&amp;s_property_amenity&amp;s_property_location&amp;s_property_agent\"><\/div>\n\t<\/div>\n\t\n<\/div><\/div>\n<\/div><\/div><div class=\"wp-block-gutenbee-container-background\" data-parallax-speed=\"0.3\"><\/div><\/div>\n\n\n\n<div id=\"block-055962-a736-4f\" class=\"wp-block-gutenbee-container block-055962-a736-4f\"><div class=\"wp-block-gutenbee-container-inner\"><div class=\"wp-block-gutenbee-container-row wp-block-gutenbee-container-lg\">\n<div class=\"wp-block-gutenbee-column block-809b06-ec64-4f\"><style>.wp-block-gutenbee-column.block-809b06-ec64-4f { flex-basis: 100%; }\n\n\n      @media (max-width: 991px) {\n        .wp-block-gutenbee-column.block-809b06-ec64-4f { flex-basis: 100%; }\n      }\n    \n\n      @media (max-width: 575px) {\n        .wp-block-gutenbee-column.block-809b06-ec64-4f { flex-basis: 100%; }\n      }<\/style><div class=\"wp-block-gutenbee-column-content\"><div class=\"property-search-form-horizontal\"><form class=\"property-search-form\" action=\"https:\/\/nowa.ziemowit.net\/index.php\/propety-search\/\" method=\"get\">\n\t<input type=\"hidden\" name=\"property_search\" value=\"1\" \/>\n\t<div class=\"row\">\n\n\t\t<div class=\"col-md-3 col-sm-6 col-12\">\n\t\t\t<label for=\"property_id\">Nr oferty<\/label>\n\t\t\t<input type=\"text\" id=\"property_id\" name=\"s_reference_id\" value=\"\" \/>\n\t\t<\/div>\n\n\t\t<div class=\"col-md-3 col-sm-6 col-12\">\n\t\t\t<label for=\"property_location\">Lokalizacja<\/label>\n\n\t\t\t<div class=\"ignition-oikia-select\">\n\t\t\t\t<select  name='s_property_location' id='property_location' class='postform'>\n\t<option value='' selected='selected'>dowolne<\/option>\n\t<option class=\"level-0\" value=\"62\">Grodziski powiat<\/option>\n\t<option class=\"level-1\" value=\"63\">&nbsp;&nbsp;&nbsp;Grodzisk Mazowiecki<\/option>\n\t<option class=\"level-1\" value=\"65\">&nbsp;&nbsp;&nbsp;Milan\u00f3wek<\/option>\n\t<option class=\"level-1\" value=\"67\">&nbsp;&nbsp;&nbsp;Podkowa Le\u015bna<\/option>\n\t<option class=\"level-1\" value=\"74\">&nbsp;&nbsp;&nbsp;\u017babia wola<\/option>\n\t<option class=\"level-2\" value=\"75\">&nbsp;&nbsp;&nbsp;&nbsp;&nbsp;&nbsp;Osowiec<\/option>\n\t<option class=\"level-2\" value=\"110\">&nbsp;&nbsp;&nbsp;&nbsp;&nbsp;&nbsp;Zar\u0119by<\/option>\n\t<option class=\"level-0\" value=\"107\">Warszawa<\/option>\n\t<option class=\"level-1\" value=\"108\">&nbsp;&nbsp;&nbsp;Solec<\/option>\n\t<option class=\"level-1\" value=\"109\">&nbsp;&nbsp;&nbsp;Sadyba<\/option>\n<\/select>\n\t\t\t<\/div>\n\t\t<\/div>\n\n\n\t\t<div class=\"col-md-3 col-sm-6 col-12\">\n\t\t\t<label for=\"property_status\">Status<\/label>\n\n\t\t\t<div class=\"ignition-oikia-select\">\n\t\t\t\t<select  name='s_property_status' id='property_status' class='postform'>\n\t<option value='' selected='selected'>dowolne<\/option>\n\t<option class=\"level-0\" value=\"16\">Sprzeda\u017c<\/option>\n\t<option class=\"level-0\" value=\"96\">Na wy\u0142\u0105czno\u015b\u0107<\/option>\n<\/select>\n\t\t\t<\/div>\n\t\t<\/div>\n\n\t\t<div class=\"col-md-3 col-sm-6 col-12\">\n\t\t\t<label for=\"property_type\">Typ<\/label>\n\n\t\t\t<div class=\"ignition-oikia-select\">\n\t\t\t\t<select  name='s_property_type' id='property_type' class='postform'>\n\t<option value='' selected='selected'>dowolne<\/option>\n\t<option class=\"level-0\" value=\"23\">Dom<\/option>\n\t<option class=\"level-1\" value=\"98\">&nbsp;&nbsp;&nbsp;dom wolnostoj\u0105cy<\/option>\n\t<option class=\"level-0\" value=\"76\">Dzia\u0142ka<\/option>\n\t<option class=\"level-1\" value=\"78\">&nbsp;&nbsp;&nbsp;Budowlana<\/option>\n\t<option class=\"level-1\" value=\"83\">&nbsp;&nbsp;&nbsp;Le\u015bna<\/option>\n\t<option class=\"level-1\" value=\"84\">&nbsp;&nbsp;&nbsp;Inwestycyjna<\/option>\n\t<option class=\"level-0\" value=\"88\">Kszta\u0142t dzia\u0142ki<\/option>\n\t<option class=\"level-1\" value=\"89\">&nbsp;&nbsp;&nbsp;Prostok\u0105tny kszta\u0142t dzia\u0142ki<\/option>\n<\/select>\n\t\t\t<\/div>\n\t\t<\/div>\n\n\t\t<div class=\"col-md-3 col-sm-6 col-12\">\n\t\t\t<label for=\"property_beds\">Min. liczba sypialni<\/label>\n\n\t\t\t<div class=\"ignition-oikia-select\">\n\t\t\t\t<select id=\"property_beds\" name=\"min_bedrooms\">\n\t\t\t\t\t<option value=\"\">wiele<\/option>\n\t\t\t\t\t<option value=\"1\" >1<\/option><option value=\"2\" >2<\/option><option value=\"3\" >3<\/option><option value=\"4\" >4<\/option>\t\t\t\t<\/select>\n\t\t\t<\/div>\n\t\t<\/div>\n\n\t\t<div class=\"col-md-3 col-sm-6 col-12\">\n\t\t\t<label for=\"property_baths\">Min. liczba \u0142azienek<\/label>\n\n\t\t\t<div class=\"ignition-oikia-select\">\n\t\t\t\t<select id=\"property_baths\" name=\"min_bathrooms\">\n\t\t\t\t\t<option value=\"\">wiele<\/option>\n\t\t\t\t\t<option value=\"1\" >1<\/option><option value=\"2\" >2<\/option><option value=\"3\" >3<\/option><option value=\"4\" >4<\/option>\t\t\t\t<\/select>\n\t\t\t<\/div>\n\t\t<\/div>\n\n\t\t<div class=\"col-md-3 col-sm-6 col-12\">\n\t\t\t\t\t\t<label for=\"property_max_price\">Max. cena ( PLN)<\/label>\n\t\t\t<input type=\"number\" min=\"0\" step=\"100\" id=\"property_max_price\" name=\"max_price\" value=\"\"\/>\n\t\t<\/div>\n\n\t\t<div class=\"col-md-3 col-sm-6 col-12\">\n\t\t\t<input type=\"submit\" value=\"Wyszukaj nieruchomo\u015bci\" class=\"property-filters-submit\" \/>\n\t\t<\/div>\n\t<\/div>\n<\/form>\n<\/div>\n<\/div><\/div>\n<\/div><\/div><div class=\"wp-block-gutenbee-container-background\" data-parallax-speed=\"0.3\"><\/div><\/div>\n\n\n\n<div id=\"block-6a8e87-f8f5-41\" class=\"wp-block-gutenbee-container block-6a8e87-f8f5-41\"><style>.wp-block-gutenbee-container.block-6a8e87-f8f5-41 { margin-bottom: 80px; }<\/style><div class=\"wp-block-gutenbee-container-inner\"><div class=\"wp-block-gutenbee-container-row wp-block-gutenbee-container-lg\">\n<div class=\"wp-block-gutenbee-column block-ce0784-000c-4d\"><style>.wp-block-gutenbee-column.block-ce0784-000c-4d { flex-basis: 100%; }\n\n\n      @media (max-width: 991px) {\n        .wp-block-gutenbee-column.block-ce0784-000c-4d { flex-basis: 100%; }\n      }\n    \n\n      @media (max-width: 575px) {\n        .wp-block-gutenbee-column.block-ce0784-000c-4d { flex-basis: 100%; }\n      }<\/style><div class=\"wp-block-gutenbee-column-content\">\t\t<div class=\"shortcode-package-search-page\">\n\t\t\t<div class=\"row items row-columns-2\">\n\n\t\t\t\t\t\t\t<div class=\"col-md-6 col-12\">\n<div id=\"entry-item-362\" class=\"entry-item post-362 ignition-property type-ignition-property status-publish has-post-thumbnail hentry ignition_property_type-dzialka-budowlana ignition_property_type-dzialka ignition_property_type-dzialka-inwestycyjna ignition_property_status-sprzedaz ignition_property_location-grodzisk-mazowiecki-gmina ignition_property_location-grodziski-powiat ignition_property_location-osowiec ignition_property_location-zabia-wola-gmina ignition_property_agent-jadwiga-piwonska\">\n\t\t\t<figure class=\"entry-item-thumb\">\n\t\t\t<a href=\"https:\/\/nowa.ziemowit.net\/index.php\/property\/dzialka-budowlana-grodzisk-mazowieck-blisko-wkd\/\">\n\t\t\t\t<img loading=\"lazy\" decoding=\"async\" width=\"615\" height=\"410\" src=\"https:\/\/nowa.ziemowit.net\/wp-content\/uploads\/2022\/03\/Dzialka-3-615x410.png\" class=\"attachment-ignition_item size-ignition_item wp-post-image\" alt=\"\" srcset=\"https:\/\/nowa.ziemowit.net\/wp-content\/uploads\/2022\/03\/Dzialka-3-615x410.png 615w, https:\/\/nowa.ziemowit.net\/wp-content\/uploads\/2022\/03\/Dzialka-3-870x580.png 870w\" sizes=\"auto, (max-width: 615px) 100vw, 615px\" \/>\t\t\t<\/a>\n\t\t<\/figure>\n\t\n\t<div class=\"entry-item-content\">\n\t\t<h2 class=\"entry-item-title\"><a href=\"https:\/\/nowa.ziemowit.net\/index.php\/property\/dzialka-budowlana-grodzisk-mazowieck-blisko-wkd\/\">Dzia\u0142ka budowlana, Grodzisk Mazowiecki,<\/a><\/h2>\n\t\t<div class=\"entry-meta\">\n\t\t\t<div class=\"entry-meta\"><span class=\"entry-meta-item entry-categories\"><a href=\"https:\/\/nowa.ziemowit.net\/index.php\/property-type\/dzialka-budowlana\/\">Budowlana<\/a><a href=\"https:\/\/nowa.ziemowit.net\/index.php\/property-type\/dzialka\/\">Dzia\u0142ka<\/a><a href=\"https:\/\/nowa.ziemowit.net\/index.php\/property-type\/dzialka-inwestycyjna\/\">Inwestycyjna<\/a><a href=\"https:\/\/nowa.ziemowit.net\/index.php\/property-status\/sprzedaz\/\">Sprzeda\u017c<\/a><\/span><\/div>\t\t<\/div>\n\n\t\t\t\t\t<div class=\"entry-item-excerpt\">\n\t\t\t\t<p>Dzia\u0142ka budowlana w zielonej kameralnej cz\u0119\u015bci Grodziska Mazowieckiego. Atrakcyjna lokalizacja 5 min spacerkiem do WKD.<\/p>\n\t\t\t<\/div>\n\t\t\n\t\t<a href=\"https:\/\/nowa.ziemowit.net\/index.php\/property\/dzialka-budowlana-grodzisk-mazowieck-blisko-wkd\/\" class=\"btn btn-entry-more\">\n\t\t\t<span class=\"ignition-icons ignition-icons-long-arrow-alt-down\"><span class=\"screen-reader-text\">Cena obni\u017cona.<\/span><\/span>  720&nbsp;000 PLN <sup>PLN<\/sup>\t\t<\/a>\n\t<\/div>\n<\/div>\n<\/div>\t\t\t\t<div class=\"col-md-6 col-12\">\n<div id=\"entry-item-336\" class=\"entry-item post-336 ignition-property type-ignition-property status-publish has-post-thumbnail hentry ignition_property_type-dzialka-budowlana ignition_property_type-dom ignition_property_type-dom-wolnostojacy ignition_property_type-dzialka ignition_property_type-dzialka-lesna ignition_property_type-prostokatny-ksztalt-dzialki ignition_property_status-sprzedaz ignition_property_amenity-czujki-dymu ignition_property_amenity-garaz ignition_property_amenity-internet ignition_property_amenity-internet-kablowy ignition_property_amenity-internet-radiowy ignition_property_amenity-internet-swiatlowod ignition_property_amenity-klimatyzacja ignition_property_amenity-kominek ignition_property_amenity-ogrzewanie ignition_property_amenity-ogrzewanie-gazowe ignition_property_amenity-taras ignition_property_location-grodziski-powiat ignition_property_location-osowiec ignition_property_location-podkowa-lesna-gmina ignition_property_location-zabia-wola-gmina ignition_property_agent-jadwiga-piwonska\">\n\t\t\t<figure class=\"entry-item-thumb\">\n\t\t\t<a href=\"https:\/\/nowa.ziemowit.net\/index.php\/property\/willa-w-stylu-modernistycznym\/\">\n\t\t\t\t<img loading=\"lazy\" decoding=\"async\" width=\"615\" height=\"410\" src=\"https:\/\/nowa.ziemowit.net\/wp-content\/uploads\/2022\/03\/Dzialka-9-615x410.png\" class=\"attachment-ignition_item size-ignition_item wp-post-image\" alt=\"\" srcset=\"https:\/\/nowa.ziemowit.net\/wp-content\/uploads\/2022\/03\/Dzialka-9-615x410.png 615w, https:\/\/nowa.ziemowit.net\/wp-content\/uploads\/2022\/03\/Dzialka-9-870x580.png 870w\" sizes=\"auto, (max-width: 615px) 100vw, 615px\" \/>\t\t\t<\/a>\n\t\t<\/figure>\n\t\n\t<div class=\"entry-item-content\">\n\t\t<h2 class=\"entry-item-title\"><a href=\"https:\/\/nowa.ziemowit.net\/index.php\/property\/willa-w-stylu-modernistycznym\/\">Willa w\u00a0stylu modernistycznym,<\/a><\/h2>\n\t\t<div class=\"entry-meta\">\n\t\t\t<div class=\"entry-meta\"><span class=\"entry-meta-item entry-categories\"><a href=\"https:\/\/nowa.ziemowit.net\/index.php\/property-type\/dzialka-budowlana\/\">Budowlana<\/a><a href=\"https:\/\/nowa.ziemowit.net\/index.php\/property-type\/dom\/\">Dom<\/a><a href=\"https:\/\/nowa.ziemowit.net\/index.php\/property-type\/dom-wolnostojacy\/\">dom wolnostoj\u0105cy<\/a><a href=\"https:\/\/nowa.ziemowit.net\/index.php\/property-type\/dzialka\/\">Dzia\u0142ka<\/a><a href=\"https:\/\/nowa.ziemowit.net\/index.php\/property-type\/dzialka-lesna\/\">Le\u015bna<\/a><a href=\"https:\/\/nowa.ziemowit.net\/index.php\/property-type\/prostokatny-ksztalt-dzialki\/\">Prostok\u0105tny kszta\u0142t dzia\u0142ki<\/a><a href=\"https:\/\/nowa.ziemowit.net\/index.php\/property-status\/sprzedaz\/\">Sprzeda\u017c<\/a><\/span><\/div>\t\t<\/div>\n\n\t\t\t\t\t<div class=\"entry-item-excerpt\">\n\t\t\t\t<p>Interesuj\u0105ca oferta dla os\u00f3b pracuj\u0105cych zdalnie, szukaj\u0105cych miejsca blisko natury jednak w pobli\u017cu aglomeracji<\/p>\n\t\t\t<\/div>\n\t\t\n\t\t<a href=\"https:\/\/nowa.ziemowit.net\/index.php\/property\/willa-w-stylu-modernistycznym\/\" class=\"btn btn-entry-more\">\n\t\t\t<span class=\"ignition-icons ignition-icons-long-arrow-alt-down\"><span class=\"screen-reader-text\">Cena obni\u017cona.<\/span><\/span>  2&nbsp;950&nbsp;000 PLN <sup>PLN<\/sup>\t\t<\/a>\n\t<\/div>\n<\/div>\n<\/div>\t\t\t\t<div class=\"col-md-6 col-12\">\n<div id=\"entry-item-326\" class=\"entry-item post-326 ignition-property type-ignition-property status-publish has-post-thumbnail hentry ignition_property_type-dzialka-budowlana ignition_property_type-dzialka ignition_property_type-prostokatny-ksztalt-dzialki ignition_property_status-na-wylacznosc ignition_property_status-sprzedaz ignition_property_location-grodzisk-mazowiecki-gmina ignition_property_location-grodziski-powiat ignition_property_location-zabia-wola-gmina ignition_property_location-zareby ignition_property_agent-jadwiga-piwonska\">\n\t\t\t<figure class=\"entry-item-thumb\">\n\t\t\t<a href=\"https:\/\/nowa.ziemowit.net\/index.php\/property\/kopia-dzialka-budowlana-grodzisk-mazowiecki\/\">\n\t\t\t\t<img loading=\"lazy\" decoding=\"async\" width=\"615\" height=\"410\" src=\"https:\/\/nowa.ziemowit.net\/wp-content\/uploads\/2022\/03\/Dzialka-8-615x410.png\" class=\"attachment-ignition_item size-ignition_item wp-post-image\" alt=\"\" srcset=\"https:\/\/nowa.ziemowit.net\/wp-content\/uploads\/2022\/03\/Dzialka-8-615x410.png 615w, https:\/\/nowa.ziemowit.net\/wp-content\/uploads\/2022\/03\/Dzialka-8-870x580.png 870w\" sizes=\"auto, (max-width: 615px) 100vw, 615px\" \/>\t\t\t<\/a>\n\t\t<\/figure>\n\t\n\t<div class=\"entry-item-content\">\n\t\t<h2 class=\"entry-item-title\"><a href=\"https:\/\/nowa.ziemowit.net\/index.php\/property\/kopia-dzialka-budowlana-grodzisk-mazowiecki\/\">Dzia\u0142ka budowlana, ul. Krzy\u017c\u00f3wki<\/a><\/h2>\n\t\t<div class=\"entry-meta\">\n\t\t\t<div class=\"entry-meta\"><span class=\"entry-meta-item entry-categories\"><a href=\"https:\/\/nowa.ziemowit.net\/index.php\/property-type\/dzialka-budowlana\/\">Budowlana<\/a><a href=\"https:\/\/nowa.ziemowit.net\/index.php\/property-type\/dzialka\/\">Dzia\u0142ka<\/a><a href=\"https:\/\/nowa.ziemowit.net\/index.php\/property-type\/prostokatny-ksztalt-dzialki\/\">Prostok\u0105tny kszta\u0142t dzia\u0142ki<\/a><a href=\"https:\/\/nowa.ziemowit.net\/index.php\/property-status\/na-wylacznosc\/\">Na wy\u0142\u0105czno\u015b\u0107<\/a><a href=\"https:\/\/nowa.ziemowit.net\/index.php\/property-status\/sprzedaz\/\">Sprzeda\u017c<\/a><\/span><\/div>\t\t<\/div>\n\n\t\t\t\t\t<div class=\"entry-item-excerpt\">\n\t\t\t\t<p> KAMERALNA LOKALIZACJA BLISKO WARSZAWY<\/p>\n\t\t\t<\/div>\n\t\t\n\t\t<a href=\"https:\/\/nowa.ziemowit.net\/index.php\/property\/kopia-dzialka-budowlana-grodzisk-mazowiecki\/\" class=\"btn btn-entry-more\">\n\t\t\t<span class=\"ignition-icons ignition-icons-long-arrow-alt-down\"><span class=\"screen-reader-text\">Cena obni\u017cona.<\/span><\/span>  480&nbsp;000 PLN <sup>PLN<\/sup>\t\t<\/a>\n\t<\/div>\n<\/div>\n<\/div>\t\t\t\t<div class=\"col-md-6 col-12\">\n<div id=\"entry-item-254\" class=\"entry-item post-254 ignition-property type-ignition-property status-publish has-post-thumbnail hentry ignition_property_type-dom ignition_property_status-sprzedaz ignition_property_amenity-balkony ignition_property_amenity-garaz ignition_property_amenity-zabudowana-kuchnia ignition_property_location-sadyba ignition_property_agent-jadwiga-piwonska\">\n\t\t\t<figure class=\"entry-item-thumb\">\n\t\t\t<a href=\"https:\/\/nowa.ziemowit.net\/index.php\/property\/warszawa-sadyba-dom-dobra-cena\/\">\n\t\t\t\t<img loading=\"lazy\" decoding=\"async\" width=\"615\" height=\"410\" src=\"https:\/\/nowa.ziemowit.net\/wp-content\/uploads\/2022\/03\/Dzialka-6-615x410.png\" class=\"attachment-ignition_item size-ignition_item wp-post-image\" alt=\"\" srcset=\"https:\/\/nowa.ziemowit.net\/wp-content\/uploads\/2022\/03\/Dzialka-6-615x410.png 615w, https:\/\/nowa.ziemowit.net\/wp-content\/uploads\/2022\/03\/Dzialka-6-870x580.png 870w\" sizes=\"auto, (max-width: 615px) 100vw, 615px\" \/>\t\t\t<\/a>\n\t\t<\/figure>\n\t\n\t<div class=\"entry-item-content\">\n\t\t<h2 class=\"entry-item-title\"><a href=\"https:\/\/nowa.ziemowit.net\/index.php\/property\/warszawa-sadyba-dom-dobra-cena\/\">Dom Sadyba, ul. Bonifacego<\/a><\/h2>\n\t\t<div class=\"entry-meta\">\n\t\t\t<div class=\"entry-meta\"><span class=\"entry-meta-item entry-categories\"><a href=\"https:\/\/nowa.ziemowit.net\/index.php\/property-type\/dom\/\">Dom<\/a><a href=\"https:\/\/nowa.ziemowit.net\/index.php\/property-status\/sprzedaz\/\">Sprzeda\u017c<\/a><\/span><\/div>\t\t<\/div>\n\n\t\t\t\t\t<div class=\"entry-item-excerpt\">\n\t\t\t\t<p>Segment do remontu na presti\u017cowej Sadybie. W mie\u015bcie ogrodzie w sercu Warszawy. Umiarkowana cena. <\/p>\n\t\t\t<\/div>\n\t\t\n\t\t<a href=\"https:\/\/nowa.ziemowit.net\/index.php\/property\/warszawa-sadyba-dom-dobra-cena\/\" class=\"btn btn-entry-more\">\n\t\t\t<span class=\"ignition-icons ignition-icons-long-arrow-alt-down\"><span class=\"screen-reader-text\">Cena obni\u017cona.<\/span><\/span>  1&nbsp;695&nbsp;000 PLN <sup>PLN<\/sup>\t\t<\/a>\n\t<\/div>\n<\/div>\n<\/div>\t\t\t\t<div class=\"col-md-6 col-12\">\n<div id=\"entry-item-253\" class=\"entry-item post-253 ignition-property type-ignition-property status-publish has-post-thumbnail hentry ignition_property_type-dzialka-budowlana ignition_property_type-dzialka ignition_property_status-sprzedaz ignition_property_location-solec ignition_property_location-warszawa ignition_property_agent-jadwiga-piwonska\">\n\t\t\t<figure class=\"entry-item-thumb\">\n\t\t\t<a href=\"https:\/\/nowa.ziemowit.net\/index.php\/property\/dzialka-blisko-warszawy-solec\/\">\n\t\t\t\t<img loading=\"lazy\" decoding=\"async\" width=\"615\" height=\"410\" src=\"https:\/\/nowa.ziemowit.net\/wp-content\/uploads\/2022\/03\/Dzialka-5-615x410.png\" class=\"attachment-ignition_item size-ignition_item wp-post-image\" alt=\"\" srcset=\"https:\/\/nowa.ziemowit.net\/wp-content\/uploads\/2022\/03\/Dzialka-5-615x410.png 615w, https:\/\/nowa.ziemowit.net\/wp-content\/uploads\/2022\/03\/Dzialka-5-870x580.png 870w\" sizes=\"auto, (max-width: 615px) 100vw, 615px\" \/>\t\t\t<\/a>\n\t\t<\/figure>\n\t\n\t<div class=\"entry-item-content\">\n\t\t<h2 class=\"entry-item-title\"><a href=\"https:\/\/nowa.ziemowit.net\/index.php\/property\/dzialka-blisko-warszawy-solec\/\">Dzia\u0142ka Budowlana, Solec<\/a><\/h2>\n\t\t<div class=\"entry-meta\">\n\t\t\t<div class=\"entry-meta\"><span class=\"entry-meta-item entry-categories\"><a href=\"https:\/\/nowa.ziemowit.net\/index.php\/property-type\/dzialka-budowlana\/\">Budowlana<\/a><a href=\"https:\/\/nowa.ziemowit.net\/index.php\/property-type\/dzialka\/\">Dzia\u0142ka<\/a><a href=\"https:\/\/nowa.ziemowit.net\/index.php\/property-status\/sprzedaz\/\">Sprzeda\u017c<\/a><\/span><\/div>\t\t<\/div>\n\n\t\t\t\t\t<div class=\"entry-item-excerpt\">\n\t\t\t\t<p>Dzia\u0142ka w\u00a0podwarszawskim Solcu z\u00a0dobrym dojazdem do Warszawy.<\/p>\n\t\t\t<\/div>\n\t\t\n\t\t<a href=\"https:\/\/nowa.ziemowit.net\/index.php\/property\/dzialka-blisko-warszawy-solec\/\" class=\"btn btn-entry-more\">\n\t\t\t<span class=\"ignition-icons ignition-icons-long-arrow-alt-down\"><span class=\"screen-reader-text\">Cena obni\u017cona.<\/span><\/span>  260&nbsp;000 PLN <sup>PLN<\/sup>\t\t<\/a>\n\t<\/div>\n<\/div>\n<\/div>\t\t\t\t<div class=\"col-md-6 col-12\">\n<div id=\"entry-item-252\" class=\"entry-item post-252 ignition-property type-ignition-property status-publish has-post-thumbnail hentry ignition_property_type-dzialka-budowlana ignition_property_type-dzialka ignition_property_status-sprzedaz ignition_property_location-milanowek-gmina ignition_property_agent-jadwiga-piwonska\">\n\t\t\t<figure class=\"entry-item-thumb\">\n\t\t\t<a href=\"https:\/\/nowa.ziemowit.net\/index.php\/property\/milanowek-dzialka-budowlana-dobra-cena\/\">\n\t\t\t\t<img loading=\"lazy\" decoding=\"async\" width=\"615\" height=\"410\" src=\"https:\/\/nowa.ziemowit.net\/wp-content\/uploads\/2022\/03\/Dzialka-615x410.png\" class=\"attachment-ignition_item size-ignition_item wp-post-image\" alt=\"\" srcset=\"https:\/\/nowa.ziemowit.net\/wp-content\/uploads\/2022\/03\/Dzialka-615x410.png 615w, https:\/\/nowa.ziemowit.net\/wp-content\/uploads\/2022\/03\/Dzialka-870x580.png 870w\" sizes=\"auto, (max-width: 615px) 100vw, 615px\" \/>\t\t\t<\/a>\n\t\t<\/figure>\n\t\n\t<div class=\"entry-item-content\">\n\t\t<h2 class=\"entry-item-title\"><a href=\"https:\/\/nowa.ziemowit.net\/index.php\/property\/milanowek-dzialka-budowlana-dobra-cena\/\">Dzia\u0142ka budowlana, ul. R\u00f3\u017cana<\/a><\/h2>\n\t\t<div class=\"entry-meta\">\n\t\t\t<div class=\"entry-meta\"><span class=\"entry-meta-item entry-categories\"><a href=\"https:\/\/nowa.ziemowit.net\/index.php\/property-type\/dzialka-budowlana\/\">Budowlana<\/a><a href=\"https:\/\/nowa.ziemowit.net\/index.php\/property-type\/dzialka\/\">Dzia\u0142ka<\/a><a href=\"https:\/\/nowa.ziemowit.net\/index.php\/property-status\/sprzedaz\/\">Sprzeda\u017c<\/a><\/span><\/div>\t\t<\/div>\n\n\t\t\t\t\t<div class=\"entry-item-excerpt\">\n\t\t\t\t<p>Dzia\u0142ka w Milan\u00f3wku z dobr\u0105 lokalizacj\u0105 i dojazdem do Warszawy<\/p>\n\t\t\t<\/div>\n\t\t\n\t\t<a href=\"https:\/\/nowa.ziemowit.net\/index.php\/property\/milanowek-dzialka-budowlana-dobra-cena\/\" class=\"btn btn-entry-more\">\n\t\t\t<span class=\"ignition-icons ignition-icons-long-arrow-alt-down\"><span class=\"screen-reader-text\">Cena obni\u017cona.<\/span><\/span>  715&nbsp;000 PLN <sup>PLN<\/sup>\t\t<\/a>\n\t<\/div>\n<\/div>\n<\/div>\n\t\t\t<\/div>\n\n\t\t\t\n\t\t<\/div>\n\t\t\n<\/div><\/div>\n<\/div><\/div><div class=\"wp-block-gutenbee-container-background\" data-parallax-speed=\"0.3\"><\/div><\/div>\n","protected":false},"excerpt":{"rendered":"","protected":false},"author":1,"featured_media":0,"parent":0,"menu_order":0,"comment_status":"closed","ping_status":"closed","template":"templates\/template-fullwidth-boxed.php","meta":{"_monsterinsights_skip_tracking":false,"_monsterinsights_sitenote_active":false,"_monsterinsights_sitenote_note":"","_monsterinsights_sitenote_category":0,"footnotes":""},"class_list":["post-106","page","type-page","status-publish","hentry"],"_links":{"self":[{"href":"https:\/\/nowa.ziemowit.net\/index.php\/wp-json\/wp\/v2\/pages\/106","targetHints":{"allow":["GET"]}}],"collection":[{"href":"https:\/\/nowa.ziemowit.net\/index.php\/wp-json\/wp\/v2\/pages"}],"about":[{"href":"https:\/\/nowa.ziemowit.net\/index.php\/wp-json\/wp\/v2\/types\/page"}],"author":[{"embeddable":true,"href":"https:\/\/nowa.ziemowit.net\/index.php\/wp-json\/wp\/v2\/users\/1"}],"replies":[{"embeddable":true,"href":"https:\/\/nowa.ziemowit.net\/index.php\/wp-json\/wp\/v2\/comments?post=106"}],"version-history":[{"count":2,"href":"https:\/\/nowa.ziemowit.net\/index.php\/wp-json\/wp\/v2\/pages\/106\/revisions"}],"predecessor-version":[{"id":190,"href":"https:\/\/nowa.ziemowit.net\/index.php\/wp-json\/wp\/v2\/pages\/106\/revisions\/190"}],"wp:attachment":[{"href":"https:\/\/nowa.ziemowit.net\/index.php\/wp-json\/wp\/v2\/media?parent=106"}],"curies":[{"name":"wp","href":"https:\/\/api.w.org\/{rel}","templated":true}]}}