{"id":256,"date":"2022-07-05T21:29:59","date_gmt":"2022-07-05T19:29:59","guid":{"rendered":"https:\/\/nowa.ziemowit.net\/?page_id=256"},"modified":"2022-07-05T21:50:31","modified_gmt":"2022-07-05T19:50:31","slug":"o-nas","status":"publish","type":"page","link":"https:\/\/nowa.ziemowit.net\/index.php\/o-nas\/","title":{"rendered":"O Nas"},"content":{"rendered":"\n<figure class=\"wp-block-pullquote\"><blockquote><p><strong>Agencja Nieruchomo\u015bci Ziemowit<\/strong> Jadwiga Piwo\u0144ska<\/p><cite>od 2000 r nieprzerwanie zajmujemy si\u0119 po\u015brednictwem nieruchomo\u015bci.<\/cite><\/blockquote><\/figure>\n\n\n\n<p>Specjalizujemy si\u0119 w wyszukiwaniu oraz oferowaniu <a href=\"https:\/\/nowa.ziemowit.net\/index.php\/property-type\/dzialka\/\" target=\"_blank\" rel=\"noreferrer noopener\">dzia\u0142ek budowlanych<\/a>, <a href=\"https:\/\/nowa.ziemowit.net\/index.php\/property-type\/dzialka\/\" target=\"_blank\" rel=\"noreferrer noopener\">siedliskowych<\/a> oraz <a href=\"https:\/\/nowa.ziemowit.net\/index.php\/property-type\/dom\/\" target=\"_blank\" rel=\"noreferrer noopener\">nieruchomo\u015bci<\/a> i rezydencji z terenu wojew\u00f3dztwa mazowieckiego. W szczeg\u00f3lno\u015bci domy, dzia\u0142ki i mieszkania po zachodniej cz\u0119\u015bci Warszawy i wzd\u0142u\u017c linii WKD oraz poci\u0105gu SKM Warszawa &#8211; \u017byrad\u00f3w. <br><strong>Powiedz nam czego potrzebujesz<\/strong>: kupi\u0107, sprzeda\u0107, wynaj\u0105\u0107 a my postaramy si\u0119 w jak najkr\u00f3tszym czasie sprosta\u0107 Twoim wymaganiom.<br>Po\u015bredniczymy skutecznie w sprzeda\u017cy luksusowych i eleganckich mieszka\u0144 oraz dom\u00f3w.<\/p>\n\n\n\n<p>Realizujemy r\u00f3wnie\u017c <strong>wyszukiwanie na zlecenie nieruchomo\u015bci<\/strong> (niedost\u0119pnych na rynku ofert rynkowych).<\/p>\n\n\n\n<ul class=\"wp-block-list\"><li>Oszcz\u0119dzamy czas naszych klient\u00f3w, chronimy ich przed przykrymi niespodziankami jakie mog\u0105 pojawi\u0107 si\u0119 w trakcie procesu sprzeda\u017cy czy kupna. <\/li><li>Nasze wieloletnie do\u015bwiadczenie pozwala nam sprawnie rozwi\u0105za\u0107 kluczowe problemy z jakimi klient mo\u017ce spotka\u0107 si\u0119 w czasie przeprowadzania transakcji.<\/li><li>Ch\u0119tnie pomo\u017cemy w negocjacjach oraz przygotowaniu transakcji.<\/li><\/ul>\n\n\n\n<blockquote class=\"wp-block-quote is-layout-flow wp-block-quote-is-layout-flow\"><p><\/p><cite><strong><em>Dzia\u0142amy profesjonalnie i wed\u0142ug zasad etyki zawodowej.<\/em><\/strong><\/cite><\/blockquote>\n\n\n\n<div class=\"wp-block-columns is-layout-flex wp-container-core-columns-is-layout-9d6595d7 wp-block-columns-is-layout-flex\">\n<div class=\"wp-block-column is-layout-flow wp-block-column-is-layout-flow\" style=\"flex-basis:100%\">\n<div class=\"wp-block-group\"><div class=\"wp-block-group__inner-container is-layout-flow wp-block-group-is-layout-flow\">\n<div class=\"wp-block-columns is-style-default is-layout-flex wp-container-core-columns-is-layout-9d6595d7 wp-block-columns-is-layout-flex\">\n<div class=\"wp-block-column is-layout-flow wp-block-column-is-layout-flow\" style=\"flex-basis:50%\">\n<div class=\"wp-block-media-text alignwide is-stacked-on-mobile\"><figure class=\"wp-block-media-text__media\"><img loading=\"lazy\" decoding=\"async\" width=\"555\" height=\"555\" src=\"http:\/\/nowa.ziemowit.net\/wp-content\/uploads\/2022\/02\/IMG_0556-3-1.webp\" alt=\"\" class=\"wp-image-154 size-full\" srcset=\"https:\/\/nowa.ziemowit.net\/wp-content\/uploads\/2022\/02\/IMG_0556-3-1.webp 555w, https:\/\/nowa.ziemowit.net\/wp-content\/uploads\/2022\/02\/IMG_0556-3-1-300x300.webp 300w, https:\/\/nowa.ziemowit.net\/wp-content\/uploads\/2022\/02\/IMG_0556-3-1-150x150.webp 150w, https:\/\/nowa.ziemowit.net\/wp-content\/uploads\/2022\/02\/IMG_0556-3-1-160x160.webp 160w\" sizes=\"auto, (max-width: 555px) 100vw, 555px\" \/><\/figure><div class=\"wp-block-media-text__content\">\n<p class=\"has-large-font-size\">Jadwiga Piwo\u0144ska<\/p>\n<\/div><\/div>\n<\/div>\n\n\n\n<div class=\"wp-block-column is-layout-flow wp-block-column-is-layout-flow\" style=\"flex-basis:50%\">\n<ul class=\"wp-block-list\"><li>wieloletnia po\u015bredniczka w obrocie nieruchomo\u015bciami,<\/li><li>mgr administracji o specjalizacji prawo administracyjne, <\/li><li>absolwentka podyplomowych studi\u00f3w wyceny nieruchomo\u015bci na Politechnice Warszawskiej,<\/li><li>burmistrz Podkowy Le\u015bnej w latach 1990-1998<\/li><\/ul>\n<\/div>\n<\/div>\n<\/div><\/div>\n<\/div>\n<\/div>\n\n\n\n<h2 class=\"wp-block-heading\"><strong>Zapraszam do kontaktu:<\/strong><\/h2>\n\n\n\n<ul class=\"wp-block-list\"><li><a href=\"mailto:biuro@ziemowit.net\">biuro@ziemowit.net<\/a> <\/li><li>telefon: 502 088 795<\/li><li><a href=\"https:\/\/nowa.ziemowit.net\/index.php\/contact\/\" target=\"_blank\" rel=\"noreferrer noopener\" title=\"Kontakt \u2013 zadzwo\u0144 lub napisz do nas\">formularz kontaktowy<\/a><\/li><\/ul>\n","protected":false},"excerpt":{"rendered":"<p>Agencja Nieruchomo\u015bci Ziemowit Jadwiga Piwo\u0144ska od 2000 r nieprzerwanie zajmujemy si\u0119 po\u015brednictwem nieruchomo\u015bci. Specjalizujemy si\u0119 w wyszukiwaniu oraz oferowaniu dzia\u0142ek budowlanych, siedliskowych oraz nieruchomo\u015bci i rezydencji z terenu wojew\u00f3dztwa mazowieckiego. W szczeg\u00f3lno\u015bci domy, dzia\u0142ki i [&hellip;]<\/p>\n","protected":false},"author":1,"featured_media":0,"parent":0,"menu_order":0,"comment_status":"closed","ping_status":"closed","template":"","meta":{"_monsterinsights_skip_tracking":false,"_monsterinsights_sitenote_active":false,"_monsterinsights_sitenote_note":"","_monsterinsights_sitenote_category":0,"footnotes":""},"class_list":["post-256","page","type-page","status-publish","hentry"],"_links":{"self":[{"href":"https:\/\/nowa.ziemowit.net\/index.php\/wp-json\/wp\/v2\/pages\/256","targetHints":{"allow":["GET"]}}],"collection":[{"href":"https:\/\/nowa.ziemowit.net\/index.php\/wp-json\/wp\/v2\/pages"}],"about":[{"href":"https:\/\/nowa.ziemowit.net\/index.php\/wp-json\/wp\/v2\/types\/page"}],"author":[{"embeddable":true,"href":"https:\/\/nowa.ziemowit.net\/index.php\/wp-json\/wp\/v2\/users\/1"}],"replies":[{"embeddable":true,"href":"https:\/\/nowa.ziemowit.net\/index.php\/wp-json\/wp\/v2\/comments?post=256"}],"version-history":[{"count":11,"href":"https:\/\/nowa.ziemowit.net\/index.php\/wp-json\/wp\/v2\/pages\/256\/revisions"}],"predecessor-version":[{"id":295,"href":"https:\/\/nowa.ziemowit.net\/index.php\/wp-json\/wp\/v2\/pages\/256\/revisions\/295"}],"wp:attachment":[{"href":"https:\/\/nowa.ziemowit.net\/index.php\/wp-json\/wp\/v2\/media?parent=256"}],"curies":[{"name":"wp","href":"https:\/\/api.w.org\/{rel}","templated":true}]}}