{"id":296,"date":"2022-07-05T21:55:00","date_gmt":"2022-07-05T19:55:00","guid":{"rendered":"https:\/\/nowa.ziemowit.net\/?page_id=296"},"modified":"2022-07-05T22:01:42","modified_gmt":"2022-07-05T20:01:42","slug":"wyszukiwanie-na-zlecenie","status":"publish","type":"page","link":"https:\/\/nowa.ziemowit.net\/index.php\/wyszukiwanie-na-zlecenie\/","title":{"rendered":"Wyszukiwanie na zlecenie"},"content":{"rendered":"\n<div class=\"wp-block-columns is-layout-flex wp-container-core-columns-is-layout-9d6595d7 wp-block-columns-is-layout-flex\">\n<div class=\"wp-block-column is-layout-flow wp-block-column-is-layout-flow\" style=\"flex-basis:33.33%\"><div class=\"wp-block-image\">\n<figure class=\"aligncenter size-full is-resized\"><img loading=\"lazy\" decoding=\"async\" src=\"http:\/\/nowa.ziemowit.net\/wp-content\/uploads\/2022\/07\/real-estate-2955057_640.webp\" alt=\"\" class=\"wp-image-298\" width=\"150\" height=\"150\"\/><\/figure>\n<\/div><\/div>\n\n\n\n<div class=\"wp-block-column is-layout-flow wp-block-column-is-layout-flow\" style=\"flex-basis:66.66%\">\n<p><br>Oferujemy wyszukiwanie na indywidualne zlecenie wybranego rodzaju nieruchomo\u015bci. Czym to si\u0119 r\u00f3\u017cni od samodzielnego wyszukiwania?<br><strong>Indywidualne wyszukiwanie obejmuje: \u2013 <\/strong>korzystanie z w\u0142asnej bazy kontakt\u00f3w do klient\u00f3w \u2013 w\u0142a\u015bcicieli nieruchomo\u015bci, kt\u00f3rzy nie wystawiaj\u0105 nieruchomo\u015bci na sprzeda\u017c jawnie \u2013 z r\u00f3\u017cnych powod\u00f3w. W sytuacji, gdy otrzymaj\u0105 indywidualn\u0105 ofert\u0119\u00a0 od zainteresowanych kupnem,\u00a0 to wtedy cz\u0119sto decyduj\u0105 si\u0119 na\u00a0 transakcj\u0119.<\/p>\n<\/div>\n<\/div>\n\n\n\n<p>Nieruchomo\u015bci dla naszych klient\u00f3w wyszukujemy\u00a0 poprzez:\u00a0 <\/p>\n\n\n\n<ul class=\"wp-block-list\"><li>szeroka baza kontakt\u00f3w z w\u0142a\u015bcicielami i klientami (ponad 20 lat),<\/li><li>regularne analizy aktualnych ofert pojawiaj\u0105cych sie w mediach i na portalch og\u0142osze\u0144 o sprzeda\u017cy nieruchomo\u015bci,<\/li><li>wsp\u00f3\u0142praca z inwestorami,<\/li><li>wsp\u00f3\u0142praca z agentami nieruchomo\u015bci oraz doradcami inwestycyjnymi i finansowymi.<\/li><\/ul>\n\n\n\n<h2 class=\"wp-block-heading\">Jak przebiega proces?<\/h2>\n\n\n\n<ol class=\"wp-block-list\"><li>Us\u0142uga wyszukiwania jest bezp\u0142atna!<\/li><li>Prosze zastanowi\u0107 si\u0119 i opisa\u0107 rodzaj nieruchomo\u015bci jaka Pa\u0144stwa interesuje. Warto zwr\u00f3ci\u0107 uwag\u0119 na region, jakie odleg\u0142o\u015bci od us\u0142ug oraz komunikacji, technologia z jakiej jest zbudowany dom, rodzaj medi\u00f3w (np. ogrzewania), powierzchnia, otoczenie.<\/li><li>Prosz\u0119 wype\u0142ni\u0107 poni\u017csze zg\u0142oszenie. <\/li><li>Po otrzymaniu zg\u0142oszenia skontaktujemy si\u0119 z Pa\u0144stwem w celu potwierdzenia zlecenia. <\/li><li>Jej rozlicznie ma miejsce tylko wtedy kiedy kt\u00f3ra\u015b z przedstawionych nieruchomo\u015bci przypadnie Pa\u0144stwu do gustu i zdecydujecie si\u0119 j\u0105 kupi\u0107.<\/li><\/ol>\n\n\n\n<p>W celu&nbsp; zg\u0142oszenia kryteri\u00f3w poszukiwanej do kupna nieruchomo\u015bci prosze o wype\u0142nienie poni\u017cszego formularza.<\/p>\n\n\n\n<p><strong>Jakiego rodzaju nieruchomo\u015bci szukasz?<\/strong><\/p>\n","protected":false},"excerpt":{"rendered":"<p>Oferujemy wyszukiwanie na indywidualne zlecenie wybranego rodzaju nieruchomo\u015bci. Czym to si\u0119 r\u00f3\u017cni od samodzielnego wyszukiwania?Indywidualne wyszukiwanie obejmuje: \u2013 korzystanie z w\u0142asnej bazy kontakt\u00f3w do klient\u00f3w \u2013 w\u0142a\u015bcicieli nieruchomo\u015bci, kt\u00f3rzy nie wystawiaj\u0105 nieruchomo\u015bci na sprzeda\u017c jawnie [&hellip;]<\/p>\n","protected":false},"author":1,"featured_media":0,"parent":0,"menu_order":0,"comment_status":"closed","ping_status":"closed","template":"","meta":{"_monsterinsights_skip_tracking":false,"_monsterinsights_sitenote_active":false,"_monsterinsights_sitenote_note":"","_monsterinsights_sitenote_category":0,"footnotes":""},"class_list":["post-296","page","type-page","status-publish","hentry"],"_links":{"self":[{"href":"https:\/\/nowa.ziemowit.net\/index.php\/wp-json\/wp\/v2\/pages\/296","targetHints":{"allow":["GET"]}}],"collection":[{"href":"https:\/\/nowa.ziemowit.net\/index.php\/wp-json\/wp\/v2\/pages"}],"about":[{"href":"https:\/\/nowa.ziemowit.net\/index.php\/wp-json\/wp\/v2\/types\/page"}],"author":[{"embeddable":true,"href":"https:\/\/nowa.ziemowit.net\/index.php\/wp-json\/wp\/v2\/users\/1"}],"replies":[{"embeddable":true,"href":"https:\/\/nowa.ziemowit.net\/index.php\/wp-json\/wp\/v2\/comments?post=296"}],"version-history":[{"count":3,"href":"https:\/\/nowa.ziemowit.net\/index.php\/wp-json\/wp\/v2\/pages\/296\/revisions"}],"predecessor-version":[{"id":308,"href":"https:\/\/nowa.ziemowit.net\/index.php\/wp-json\/wp\/v2\/pages\/296\/revisions\/308"}],"wp:attachment":[{"href":"https:\/\/nowa.ziemowit.net\/index.php\/wp-json\/wp\/v2\/media?parent=296"}],"curies":[{"name":"wp","href":"https:\/\/api.w.org\/{rel}","templated":true}]}}