{"id":313,"date":"2022-07-05T22:10:36","date_gmt":"2022-07-05T20:10:36","guid":{"rendered":"https:\/\/nowa.ziemowit.net\/?page_id=313"},"modified":"2022-07-05T22:12:05","modified_gmt":"2022-07-05T20:12:05","slug":"uslugi","status":"publish","type":"page","link":"https:\/\/nowa.ziemowit.net\/index.php\/uslugi\/","title":{"rendered":"Us\u0142ugi doradcze"},"content":{"rendered":"\n<h2 class=\"wp-block-heading\">\u015awiadczymy us\u0142ugi dodatkowe dla klient\u00f3w samodzielnie dokonuj\u0105cych transakcji<\/h2>\n\n\n\n<ul class=\"wp-block-list\"><li>analiza nieruchomo\u015bci &#8211; znalezli\u015bcie Pa\u0144stwo nieruchomo\u015b\u0107 i chcecie j\u0105 zakupi\u0107 bezpo\u015brednio od w\u0142a\u015bciciela &#8211; potrzebujecie fachowego wsparcia w analizie dokument\u00f3w, otoczenia, zapis\u00f3w dotycz\u0105cych plan\u00f3w gminnych itd.<\/li><li>negocjacje &#8211; prowadzicie Pa\u0144stwo rozmowy zakupu\/sprzeda\u017cy i chcecie wsparcia profesjonalisty w tym zakresie<\/li><li><a href=\"https:\/\/nowa.ziemowit.net\/index.php\/wyszukiwanie-na-zlecenie\/\" title=\"Wyszukiwanie na zlecenie\">wyszukiwanie nieruchomo\u015bci (w tym niedost\u0119pnych w ofertach biur i w internecie)<\/a><\/li><\/ul>\n\n\n\n<p>Je\u015bli interesuje Pa\u0144stwa wybrana us\u0142uga prosimy o <a href=\"http:\/\/kontat\" title=\"kontakt w celu okre\u015blenia zakresu prac i wynagrodzenia.\">kontakt w celu okre\u015blenia zakresu prac i wynagrodzenia.<\/a><\/p>\n","protected":false},"excerpt":{"rendered":"<p>\u015awiadczymy us\u0142ugi dodatkowe dla klient\u00f3w samodzielnie dokonuj\u0105cych transakcji analiza nieruchomo\u015bci &#8211; znalezli\u015bcie Pa\u0144stwo nieruchomo\u015b\u0107 i chcecie j\u0105 zakupi\u0107 bezpo\u015brednio od w\u0142a\u015bciciela &#8211; potrzebujecie fachowego wsparcia w analizie dokument\u00f3w, otoczenia, zapis\u00f3w dotycz\u0105cych plan\u00f3w gminnych itd. negocjacje [&hellip;]<\/p>\n","protected":false},"author":1,"featured_media":0,"parent":0,"menu_order":0,"comment_status":"closed","ping_status":"closed","template":"","meta":{"_monsterinsights_skip_tracking":false,"_monsterinsights_sitenote_active":false,"_monsterinsights_sitenote_note":"","_monsterinsights_sitenote_category":0,"footnotes":""},"class_list":["post-313","page","type-page","status-publish","hentry"],"_links":{"self":[{"href":"https:\/\/nowa.ziemowit.net\/index.php\/wp-json\/wp\/v2\/pages\/313","targetHints":{"allow":["GET"]}}],"collection":[{"href":"https:\/\/nowa.ziemowit.net\/index.php\/wp-json\/wp\/v2\/pages"}],"about":[{"href":"https:\/\/nowa.ziemowit.net\/index.php\/wp-json\/wp\/v2\/types\/page"}],"author":[{"embeddable":true,"href":"https:\/\/nowa.ziemowit.net\/index.php\/wp-json\/wp\/v2\/users\/1"}],"replies":[{"embeddable":true,"href":"https:\/\/nowa.ziemowit.net\/index.php\/wp-json\/wp\/v2\/comments?post=313"}],"version-history":[{"count":3,"href":"https:\/\/nowa.ziemowit.net\/index.php\/wp-json\/wp\/v2\/pages\/313\/revisions"}],"predecessor-version":[{"id":319,"href":"https:\/\/nowa.ziemowit.net\/index.php\/wp-json\/wp\/v2\/pages\/313\/revisions\/319"}],"wp:attachment":[{"href":"https:\/\/nowa.ziemowit.net\/index.php\/wp-json\/wp\/v2\/media?parent=313"}],"curies":[{"name":"wp","href":"https:\/\/api.w.org\/{rel}","templated":true}]}}