{"id":39,"date":"2022-02-14T15:18:07","date_gmt":"2022-02-14T13:18:07","guid":{"rendered":"https:\/\/www.cssigniter.com\/demos\/oikia\/?page_id=39"},"modified":"2022-02-14T15:18:07","modified_gmt":"2022-02-14T13:18:07","slug":"properties-1-col","status":"publish","type":"page","link":"https:\/\/nowa.ziemowit.net\/index.php\/properties-1-col\/","title":{"rendered":"Properties 1 Column"},"content":{"rendered":"<div id=\"block-175e06-5d93-46\" class=\"wp-block-gutenbee-post-types block-175e06-5d93-46 \"><div class=\"row row-items row-columns-1\">\t\t\t\t<div class=\"dzialka-budowlana dzialka dzialka-inwestycyjna term-78 term-76 term-84 col-12\">\n\n<article id=\"entry-362\" class=\"entry-item entry-item-media post-362 ignition-property type-ignition-property status-publish has-post-thumbnail hentry ignition_property_type-dzialka-budowlana ignition_property_type-dzialka ignition_property_type-dzialka-inwestycyjna ignition_property_status-sprzedaz ignition_property_location-grodzisk-mazowiecki-gmina ignition_property_location-grodziski-powiat ignition_property_location-osowiec ignition_property_location-zabia-wola-gmina ignition_property_agent-jadwiga-piwonska\">\n\t\t<figure class=\"entry-thumb\">\n\t\t<a href=\"https:\/\/nowa.ziemowit.net\/index.php\/property\/dzialka-budowlana-grodzisk-mazowieck-blisko-wkd\/\">\n\t\t\t<img loading=\"lazy\" decoding=\"async\" width=\"620\" height=\"620\" src=\"https:\/\/nowa.ziemowit.net\/wp-content\/uploads\/2022\/03\/Dzialka-3-620x620.png\" class=\"attachment-ignition_article_media size-ignition_article_media wp-post-image\" alt=\"\" srcset=\"https:\/\/nowa.ziemowit.net\/wp-content\/uploads\/2022\/03\/Dzialka-3-620x620.png 620w, https:\/\/nowa.ziemowit.net\/wp-content\/uploads\/2022\/03\/Dzialka-3-150x150.png 150w, https:\/\/nowa.ziemowit.net\/wp-content\/uploads\/2022\/03\/Dzialka-3-160x160.png 160w\" sizes=\"auto, (max-width: 620px) 100vw, 620px\" \/>\t\t<\/a>\n\t<\/figure>\n\t\n\t<div class=\"entry-item-content-wrap\">\n\t\t<header class=\"entry-header\"><h2 class=\"entry-title\"><a href=\"https:\/\/nowa.ziemowit.net\/index.php\/property\/dzialka-budowlana-grodzisk-mazowieck-blisko-wkd\/\">Dzia\u0142ka budowlana, Grodzisk Mazowiecki,<\/a><\/h2><div class=\"entry-meta\"><span class=\"entry-meta-item entry-categories\"><a href=\"https:\/\/nowa.ziemowit.net\/index.php\/property-type\/dzialka-budowlana\/\">Budowlana<\/a><a href=\"https:\/\/nowa.ziemowit.net\/index.php\/property-type\/dzialka\/\">Dzia\u0142ka<\/a><a href=\"https:\/\/nowa.ziemowit.net\/index.php\/property-type\/dzialka-inwestycyjna\/\">Inwestycyjna<\/a><a href=\"https:\/\/nowa.ziemowit.net\/index.php\/property-status\/sprzedaz\/\">Sprzeda\u017c<\/a><\/span><\/div><\/header>\n\t\t\t\t\t<div class=\"entry-item-excerpt\">\n\t\t\t\t<p>Dzia\u0142ka budowlana w zielonej kameralnej cz\u0119\u015bci Grodziska Mazowieckiego. Atrakcyjna lokalizacja 5 min spacerkiem do WKD.<\/p>\n\t\t\t<\/div>\n\t\t\n\t\t<a href=\"https:\/\/nowa.ziemowit.net\/index.php\/property\/dzialka-budowlana-grodzisk-mazowieck-blisko-wkd\/\" class=\"btn entry-more-btn\">\n\t\t\t<span class=\"ignition-icons ignition-icons-long-arrow-alt-down\"><span class=\"screen-reader-text\">Cena obni\u017cona.<\/span><\/span>  720&nbsp;000 PLN <sup>PLN<\/sup>\t\t<\/a>\n\t<\/div>\n<\/article>\n\n<\/div>\t\t\t\t<div class=\"dzialka-budowlana dom dom-wolnostojacy dzialka dzialka-lesna prostokatny-ksztalt-dzialki term-78 term-23 term-98 term-76 term-83 term-89 col-12\">\n\n<article id=\"entry-336\" class=\"entry-item entry-item-media post-336 ignition-property type-ignition-property status-publish has-post-thumbnail hentry ignition_property_type-dzialka-budowlana ignition_property_type-dom ignition_property_type-dom-wolnostojacy ignition_property_type-dzialka ignition_property_type-dzialka-lesna ignition_property_type-prostokatny-ksztalt-dzialki ignition_property_status-sprzedaz ignition_property_amenity-czujki-dymu ignition_property_amenity-garaz ignition_property_amenity-internet ignition_property_amenity-internet-kablowy ignition_property_amenity-internet-radiowy ignition_property_amenity-internet-swiatlowod ignition_property_amenity-klimatyzacja ignition_property_amenity-kominek ignition_property_amenity-ogrzewanie ignition_property_amenity-ogrzewanie-gazowe ignition_property_amenity-taras ignition_property_location-grodziski-powiat ignition_property_location-osowiec ignition_property_location-podkowa-lesna-gmina ignition_property_location-zabia-wola-gmina ignition_property_agent-jadwiga-piwonska\">\n\t\t<figure class=\"entry-thumb\">\n\t\t<a href=\"https:\/\/nowa.ziemowit.net\/index.php\/property\/willa-w-stylu-modernistycznym\/\">\n\t\t\t<img loading=\"lazy\" decoding=\"async\" width=\"620\" height=\"620\" src=\"https:\/\/nowa.ziemowit.net\/wp-content\/uploads\/2022\/03\/Dzialka-9-620x620.png\" class=\"attachment-ignition_article_media size-ignition_article_media wp-post-image\" alt=\"\" srcset=\"https:\/\/nowa.ziemowit.net\/wp-content\/uploads\/2022\/03\/Dzialka-9-620x620.png 620w, https:\/\/nowa.ziemowit.net\/wp-content\/uploads\/2022\/03\/Dzialka-9-150x150.png 150w, https:\/\/nowa.ziemowit.net\/wp-content\/uploads\/2022\/03\/Dzialka-9-160x160.png 160w\" sizes=\"auto, (max-width: 620px) 100vw, 620px\" \/>\t\t<\/a>\n\t<\/figure>\n\t\n\t<div class=\"entry-item-content-wrap\">\n\t\t<header class=\"entry-header\"><h2 class=\"entry-title\"><a href=\"https:\/\/nowa.ziemowit.net\/index.php\/property\/willa-w-stylu-modernistycznym\/\">Willa w\u00a0stylu modernistycznym,<\/a><\/h2><div class=\"entry-meta\"><span class=\"entry-meta-item entry-categories\"><a href=\"https:\/\/nowa.ziemowit.net\/index.php\/property-type\/dzialka-budowlana\/\">Budowlana<\/a><a href=\"https:\/\/nowa.ziemowit.net\/index.php\/property-type\/dom\/\">Dom<\/a><a href=\"https:\/\/nowa.ziemowit.net\/index.php\/property-type\/dom-wolnostojacy\/\">dom wolnostoj\u0105cy<\/a><a href=\"https:\/\/nowa.ziemowit.net\/index.php\/property-type\/dzialka\/\">Dzia\u0142ka<\/a><a href=\"https:\/\/nowa.ziemowit.net\/index.php\/property-type\/dzialka-lesna\/\">Le\u015bna<\/a><a href=\"https:\/\/nowa.ziemowit.net\/index.php\/property-type\/prostokatny-ksztalt-dzialki\/\">Prostok\u0105tny kszta\u0142t dzia\u0142ki<\/a><a href=\"https:\/\/nowa.ziemowit.net\/index.php\/property-status\/sprzedaz\/\">Sprzeda\u017c<\/a><\/span><\/div><\/header>\n\t\t\t\t\t<div class=\"entry-item-excerpt\">\n\t\t\t\t<p>Interesuj\u0105ca oferta dla os\u00f3b pracuj\u0105cych zdalnie, szukaj\u0105cych miejsca blisko natury jednak w pobli\u017cu aglomeracji<\/p>\n\t\t\t<\/div>\n\t\t\n\t\t<a href=\"https:\/\/nowa.ziemowit.net\/index.php\/property\/willa-w-stylu-modernistycznym\/\" class=\"btn entry-more-btn\">\n\t\t\t<span class=\"ignition-icons ignition-icons-long-arrow-alt-down\"><span class=\"screen-reader-text\">Cena obni\u017cona.<\/span><\/span>  2&nbsp;950&nbsp;000 PLN <sup>PLN<\/sup>\t\t<\/a>\n\t<\/div>\n<\/article>\n\n<\/div>\t\t\t\t<div class=\"dzialka-budowlana dzialka prostokatny-ksztalt-dzialki term-78 term-76 term-89 col-12\">\n\n<article id=\"entry-326\" class=\"entry-item entry-item-media post-326 ignition-property type-ignition-property status-publish has-post-thumbnail hentry ignition_property_type-dzialka-budowlana ignition_property_type-dzialka ignition_property_type-prostokatny-ksztalt-dzialki ignition_property_status-na-wylacznosc ignition_property_status-sprzedaz ignition_property_location-grodzisk-mazowiecki-gmina ignition_property_location-grodziski-powiat ignition_property_location-zabia-wola-gmina ignition_property_location-zareby ignition_property_agent-jadwiga-piwonska\">\n\t\t<figure class=\"entry-thumb\">\n\t\t<a href=\"https:\/\/nowa.ziemowit.net\/index.php\/property\/kopia-dzialka-budowlana-grodzisk-mazowiecki\/\">\n\t\t\t<img loading=\"lazy\" decoding=\"async\" width=\"620\" height=\"620\" src=\"https:\/\/nowa.ziemowit.net\/wp-content\/uploads\/2022\/03\/Dzialka-8-620x620.png\" class=\"attachment-ignition_article_media size-ignition_article_media wp-post-image\" alt=\"\" srcset=\"https:\/\/nowa.ziemowit.net\/wp-content\/uploads\/2022\/03\/Dzialka-8-620x620.png 620w, https:\/\/nowa.ziemowit.net\/wp-content\/uploads\/2022\/03\/Dzialka-8-150x150.png 150w, https:\/\/nowa.ziemowit.net\/wp-content\/uploads\/2022\/03\/Dzialka-8-160x160.png 160w\" sizes=\"auto, (max-width: 620px) 100vw, 620px\" \/>\t\t<\/a>\n\t<\/figure>\n\t\n\t<div class=\"entry-item-content-wrap\">\n\t\t<header class=\"entry-header\"><h2 class=\"entry-title\"><a href=\"https:\/\/nowa.ziemowit.net\/index.php\/property\/kopia-dzialka-budowlana-grodzisk-mazowiecki\/\">Dzia\u0142ka budowlana, ul. Krzy\u017c\u00f3wki<\/a><\/h2><div class=\"entry-meta\"><span class=\"entry-meta-item entry-categories\"><a href=\"https:\/\/nowa.ziemowit.net\/index.php\/property-type\/dzialka-budowlana\/\">Budowlana<\/a><a href=\"https:\/\/nowa.ziemowit.net\/index.php\/property-type\/dzialka\/\">Dzia\u0142ka<\/a><a href=\"https:\/\/nowa.ziemowit.net\/index.php\/property-type\/prostokatny-ksztalt-dzialki\/\">Prostok\u0105tny kszta\u0142t dzia\u0142ki<\/a><a href=\"https:\/\/nowa.ziemowit.net\/index.php\/property-status\/na-wylacznosc\/\">Na wy\u0142\u0105czno\u015b\u0107<\/a><a href=\"https:\/\/nowa.ziemowit.net\/index.php\/property-status\/sprzedaz\/\">Sprzeda\u017c<\/a><\/span><\/div><\/header>\n\t\t\t\t\t<div class=\"entry-item-excerpt\">\n\t\t\t\t<p> KAMERALNA LOKALIZACJA BLISKO WARSZAWY<\/p>\n\t\t\t<\/div>\n\t\t\n\t\t<a href=\"https:\/\/nowa.ziemowit.net\/index.php\/property\/kopia-dzialka-budowlana-grodzisk-mazowiecki\/\" class=\"btn entry-more-btn\">\n\t\t\t<span class=\"ignition-icons ignition-icons-long-arrow-alt-down\"><span class=\"screen-reader-text\">Cena obni\u017cona.<\/span><\/span>  480&nbsp;000 PLN <sup>PLN<\/sup>\t\t<\/a>\n\t<\/div>\n<\/article>\n\n<\/div>\t\t\t\t<div class=\"dom term-23 col-12\">\n\n<article id=\"entry-254\" class=\"entry-item entry-item-media post-254 ignition-property type-ignition-property status-publish has-post-thumbnail hentry ignition_property_type-dom ignition_property_status-sprzedaz ignition_property_amenity-balkony ignition_property_amenity-garaz ignition_property_amenity-zabudowana-kuchnia ignition_property_location-sadyba ignition_property_agent-jadwiga-piwonska\">\n\t\t<figure class=\"entry-thumb\">\n\t\t<a href=\"https:\/\/nowa.ziemowit.net\/index.php\/property\/warszawa-sadyba-dom-dobra-cena\/\">\n\t\t\t<img loading=\"lazy\" decoding=\"async\" width=\"620\" height=\"620\" src=\"https:\/\/nowa.ziemowit.net\/wp-content\/uploads\/2022\/03\/Dzialka-6-620x620.png\" class=\"attachment-ignition_article_media size-ignition_article_media wp-post-image\" alt=\"\" srcset=\"https:\/\/nowa.ziemowit.net\/wp-content\/uploads\/2022\/03\/Dzialka-6-620x620.png 620w, https:\/\/nowa.ziemowit.net\/wp-content\/uploads\/2022\/03\/Dzialka-6-150x150.png 150w, https:\/\/nowa.ziemowit.net\/wp-content\/uploads\/2022\/03\/Dzialka-6-160x160.png 160w\" sizes=\"auto, (max-width: 620px) 100vw, 620px\" \/>\t\t<\/a>\n\t<\/figure>\n\t\n\t<div class=\"entry-item-content-wrap\">\n\t\t<header class=\"entry-header\"><h2 class=\"entry-title\"><a href=\"https:\/\/nowa.ziemowit.net\/index.php\/property\/warszawa-sadyba-dom-dobra-cena\/\">Dom Sadyba, ul. Bonifacego<\/a><\/h2><div class=\"entry-meta\"><span class=\"entry-meta-item entry-categories\"><a href=\"https:\/\/nowa.ziemowit.net\/index.php\/property-type\/dom\/\">Dom<\/a><a href=\"https:\/\/nowa.ziemowit.net\/index.php\/property-status\/sprzedaz\/\">Sprzeda\u017c<\/a><\/span><\/div><\/header>\n\t\t\t\t\t<div class=\"entry-item-excerpt\">\n\t\t\t\t<p>Segment do remontu na presti\u017cowej Sadybie. W mie\u015bcie ogrodzie w sercu Warszawy. Umiarkowana cena. <\/p>\n\t\t\t<\/div>\n\t\t\n\t\t<a href=\"https:\/\/nowa.ziemowit.net\/index.php\/property\/warszawa-sadyba-dom-dobra-cena\/\" class=\"btn entry-more-btn\">\n\t\t\t<span class=\"ignition-icons ignition-icons-long-arrow-alt-down\"><span class=\"screen-reader-text\">Cena obni\u017cona.<\/span><\/span>  1&nbsp;695&nbsp;000 PLN <sup>PLN<\/sup>\t\t<\/a>\n\t<\/div>\n<\/article>\n\n<\/div>\t\t\t\t<div class=\"dzialka-budowlana dzialka term-78 term-76 col-12\">\n\n<article id=\"entry-253\" class=\"entry-item entry-item-media post-253 ignition-property type-ignition-property status-publish has-post-thumbnail hentry ignition_property_type-dzialka-budowlana ignition_property_type-dzialka ignition_property_status-sprzedaz ignition_property_location-solec ignition_property_location-warszawa ignition_property_agent-jadwiga-piwonska\">\n\t\t<figure class=\"entry-thumb\">\n\t\t<a href=\"https:\/\/nowa.ziemowit.net\/index.php\/property\/dzialka-blisko-warszawy-solec\/\">\n\t\t\t<img loading=\"lazy\" decoding=\"async\" width=\"620\" height=\"620\" src=\"https:\/\/nowa.ziemowit.net\/wp-content\/uploads\/2022\/03\/Dzialka-5-620x620.png\" class=\"attachment-ignition_article_media size-ignition_article_media wp-post-image\" alt=\"\" srcset=\"https:\/\/nowa.ziemowit.net\/wp-content\/uploads\/2022\/03\/Dzialka-5-620x620.png 620w, https:\/\/nowa.ziemowit.net\/wp-content\/uploads\/2022\/03\/Dzialka-5-150x150.png 150w, https:\/\/nowa.ziemowit.net\/wp-content\/uploads\/2022\/03\/Dzialka-5-160x160.png 160w\" sizes=\"auto, (max-width: 620px) 100vw, 620px\" \/>\t\t<\/a>\n\t<\/figure>\n\t\n\t<div class=\"entry-item-content-wrap\">\n\t\t<header class=\"entry-header\"><h2 class=\"entry-title\"><a href=\"https:\/\/nowa.ziemowit.net\/index.php\/property\/dzialka-blisko-warszawy-solec\/\">Dzia\u0142ka Budowlana, Solec<\/a><\/h2><div class=\"entry-meta\"><span class=\"entry-meta-item entry-categories\"><a href=\"https:\/\/nowa.ziemowit.net\/index.php\/property-type\/dzialka-budowlana\/\">Budowlana<\/a><a href=\"https:\/\/nowa.ziemowit.net\/index.php\/property-type\/dzialka\/\">Dzia\u0142ka<\/a><a href=\"https:\/\/nowa.ziemowit.net\/index.php\/property-status\/sprzedaz\/\">Sprzeda\u017c<\/a><\/span><\/div><\/header>\n\t\t\t\t\t<div class=\"entry-item-excerpt\">\n\t\t\t\t<p>Dzia\u0142ka w\u00a0podwarszawskim Solcu z\u00a0dobrym dojazdem do Warszawy.<\/p>\n\t\t\t<\/div>\n\t\t\n\t\t<a href=\"https:\/\/nowa.ziemowit.net\/index.php\/property\/dzialka-blisko-warszawy-solec\/\" class=\"btn entry-more-btn\">\n\t\t\t<span class=\"ignition-icons ignition-icons-long-arrow-alt-down\"><span class=\"screen-reader-text\">Cena obni\u017cona.<\/span><\/span>  260&nbsp;000 PLN <sup>PLN<\/sup>\t\t<\/a>\n\t<\/div>\n<\/article>\n\n<\/div><\/div>\n\t<nav class=\"navigation \" aria-label=\"Stronicowanie wpis\u00f3w\">\n\t\t<h2 class=\"screen-reader-text\">Stronicowanie wpis\u00f3w<\/h2>\n\t\t<div class=\"nav-links\"><span aria-current=\"page\" class=\"page-numbers current\">1<\/span>\n<a class=\"page-numbers\" href=\"https:\/\/nowa.ziemowit.net\/index.php\/wp-json\/wp\/v2\/pages\/39\/page\/2\/\">2<\/a>\n<a class=\"next page-numbers\" href=\"https:\/\/nowa.ziemowit.net\/index.php\/wp-json\/wp\/v2\/pages\/39\/page\/2\/\">Nast\u0119pny<\/a><\/div>\n\t<\/nav><\/div>","protected":false},"excerpt":{"rendered":"","protected":false},"author":1,"featured_media":0,"parent":0,"menu_order":0,"comment_status":"closed","ping_status":"closed","template":"templates\/template-fullwidth-narrow.php","meta":{"_monsterinsights_skip_tracking":false,"_monsterinsights_sitenote_active":false,"_monsterinsights_sitenote_note":"","_monsterinsights_sitenote_category":0,"footnotes":""},"class_list":["post-39","page","type-page","status-publish","hentry"],"_links":{"self":[{"href":"https:\/\/nowa.ziemowit.net\/index.php\/wp-json\/wp\/v2\/pages\/39","targetHints":{"allow":["GET"]}}],"collection":[{"href":"https:\/\/nowa.ziemowit.net\/index.php\/wp-json\/wp\/v2\/pages"}],"about":[{"href":"https:\/\/nowa.ziemowit.net\/index.php\/wp-json\/wp\/v2\/types\/page"}],"author":[{"embeddable":true,"href":"https:\/\/nowa.ziemowit.net\/index.php\/wp-json\/wp\/v2\/users\/1"}],"replies":[{"embeddable":true,"href":"https:\/\/nowa.ziemowit.net\/index.php\/wp-json\/wp\/v2\/comments?post=39"}],"version-history":[{"count":0,"href":"https:\/\/nowa.ziemowit.net\/index.php\/wp-json\/wp\/v2\/pages\/39\/revisions"}],"wp:attachment":[{"href":"https:\/\/nowa.ziemowit.net\/index.php\/wp-json\/wp\/v2\/media?parent=39"}],"curies":[{"name":"wp","href":"https:\/\/api.w.org\/{rel}","templated":true}]}}