{"id":44,"date":"2022-02-14T15:28:36","date_gmt":"2022-02-14T13:28:36","guid":{"rendered":"https:\/\/www.cssigniter.com\/demos\/oikia\/?page_id=44"},"modified":"2022-02-14T15:28:36","modified_gmt":"2022-02-14T13:28:36","slug":"agents-2-columns-2","status":"publish","type":"page","link":"https:\/\/nowa.ziemowit.net\/index.php\/agents-2-columns-2\/","title":{"rendered":"Agents 2 Columns"},"content":{"rendered":"<div id=\"block-c76064-1ea9-48\" class=\"wp-block-gutenbee-post-types block-c76064-1ea9-48 \"><div class=\"row row-items row-columns-2\">\t\t\t\t<div class=\"col-md-6 col-12\">\n<div id=\"entry-item-33\" class=\"entry-item post-33 ignition-agent type-ignition-agent status-publish has-post-thumbnail hentry\">\n\t\t\t<figure class=\"entry-item-thumb\">\n\t\t\t<a href=\"https:\/\/nowa.ziemowit.net\/index.php\/agent\/jadwiga-piwonska\/\">\n\t\t\t\t<img loading=\"lazy\" decoding=\"async\" width=\"615\" height=\"410\" src=\"https:\/\/nowa.ziemowit.net\/wp-content\/uploads\/2022\/02\/241803267_4594733747224639_685669896205257486_n-615x410.jpg\" class=\"attachment-ignition_item size-ignition_item wp-post-image\" alt=\"\" srcset=\"https:\/\/nowa.ziemowit.net\/wp-content\/uploads\/2022\/02\/241803267_4594733747224639_685669896205257486_n-615x410.jpg 615w, https:\/\/nowa.ziemowit.net\/wp-content\/uploads\/2022\/02\/241803267_4594733747224639_685669896205257486_n-870x580.jpg 870w, https:\/\/nowa.ziemowit.net\/wp-content\/uploads\/2022\/02\/241803267_4594733747224639_685669896205257486_n-1170x780.jpg 1170w\" sizes=\"auto, (max-width: 615px) 100vw, 615px\" \/>\t\t\t<\/a>\n\t\t<\/figure>\n\t\n\t<div class=\"entry-item-content\">\n\t\t<h2 class=\"entry-item-title\"><a href=\"https:\/\/nowa.ziemowit.net\/index.php\/agent\/jadwiga-piwonska\/\">Jadwiga Piwo\u0144ska<\/a><\/h2>\n\t\t\t\t\t\t<div class=\"entry-item-agent-contact\">\n\t\t\ttel.: +48 502 088 795\t\t<\/div>\n\t\t\n\t\t\t\t\t<div class=\"entry-item-excerpt\">\n\t\t\t\t<p>Jadwiga Piwo\u0144ska, licencjonowana agent nieruchomo\u015bci; by\u0142a burmistrz Podkowy Le\u015bnej<\/p>\n\t\t\t<\/div>\n\t\t\n\t\t<a href=\"https:\/\/nowa.ziemowit.net\/index.php\/agent\/jadwiga-piwonska\/\" class=\"btn btn-entry-more\">\n\t\t\tDowiedz si\u0119 wi\u0119cej\t\t<\/a>\n\t<\/div>\n<\/div>\n<\/div><\/div><\/div>","protected":false},"excerpt":{"rendered":"","protected":false},"author":1,"featured_media":0,"parent":0,"menu_order":0,"comment_status":"closed","ping_status":"closed","template":"","meta":{"_monsterinsights_skip_tracking":false,"_monsterinsights_sitenote_active":false,"_monsterinsights_sitenote_note":"","_monsterinsights_sitenote_category":0,"footnotes":""},"class_list":["post-44","page","type-page","status-publish","hentry"],"_links":{"self":[{"href":"https:\/\/nowa.ziemowit.net\/index.php\/wp-json\/wp\/v2\/pages\/44","targetHints":{"allow":["GET"]}}],"collection":[{"href":"https:\/\/nowa.ziemowit.net\/index.php\/wp-json\/wp\/v2\/pages"}],"about":[{"href":"https:\/\/nowa.ziemowit.net\/index.php\/wp-json\/wp\/v2\/types\/page"}],"author":[{"embeddable":true,"href":"https:\/\/nowa.ziemowit.net\/index.php\/wp-json\/wp\/v2\/users\/1"}],"replies":[{"embeddable":true,"href":"https:\/\/nowa.ziemowit.net\/index.php\/wp-json\/wp\/v2\/comments?post=44"}],"version-history":[{"count":0,"href":"https:\/\/nowa.ziemowit.net\/index.php\/wp-json\/wp\/v2\/pages\/44\/revisions"}],"wp:attachment":[{"href":"https:\/\/nowa.ziemowit.net\/index.php\/wp-json\/wp\/v2\/media?parent=44"}],"curies":[{"name":"wp","href":"https:\/\/api.w.org\/{rel}","templated":true}]}}