{"id":53,"date":"2022-02-14T15:36:50","date_gmt":"2022-02-14T13:36:50","guid":{"rendered":"https:\/\/www.cssigniter.com\/demos\/oikia\/?page_id=53"},"modified":"2022-05-19T22:57:18","modified_gmt":"2022-05-19T20:57:18","slug":"contact","status":"publish","type":"page","link":"https:\/\/nowa.ziemowit.net\/index.php\/contact\/","title":{"rendered":"Kontakt &#8211; zadzwo\u0144 lub napisz do nas"},"content":{"rendered":"\n<div id=\"block-746e50-d1a1-4e\" class=\"wp-block-gutenbee-google-maps block-746e50-d1a1-4e\"><style>.wp-block-gutenbee-google-maps.block-746e50-d1a1-4e { height: 454px; }\n\n\n      @media (max-width: 991px) {\n        .wp-block-gutenbee-google-maps.block-746e50-d1a1-4e { height: 280px; }\n      }\n    \n\n      @media (max-width: 575px) {\n        .wp-block-gutenbee-google-maps.block-746e50-d1a1-4e { height: 280px; }\n      }<\/style><div data-latitude=\"52.12\" data-longitude=\"20.72986\" data-zoom=\"14\" data-prevent-scroll=\"true\" data-map-style=\"[{&quot;featureType&quot;:&quot;landscape.man_made&quot;,&quot;elementType&quot;:&quot;geometry&quot;,&quot;stylers&quot;:[{&quot;color&quot;:&quot;#f7f1df&quot;}]},{&quot;featureType&quot;:&quot;landscape.natural&quot;,&quot;elementType&quot;:&quot;geometry&quot;,&quot;stylers&quot;:[{&quot;color&quot;:&quot;#d0e3b4&quot;}]},{&quot;featureType&quot;:&quot;landscape.natural.terrain&quot;,&quot;elementType&quot;:&quot;geometry&quot;,&quot;stylers&quot;:[{&quot;visibility&quot;:&quot;off&quot;}]},{&quot;featureType&quot;:&quot;poi&quot;,&quot;elementType&quot;:&quot;labels&quot;,&quot;stylers&quot;:[{&quot;visibility&quot;:&quot;off&quot;}]},{&quot;featureType&quot;:&quot;poi.business&quot;,&quot;elementType&quot;:&quot;all&quot;,&quot;stylers&quot;:[{&quot;visibility&quot;:&quot;off&quot;}]},{&quot;featureType&quot;:&quot;poi.medical&quot;,&quot;elementType&quot;:&quot;geometry&quot;,&quot;stylers&quot;:[{&quot;color&quot;:&quot;#fbd3da&quot;}]},{&quot;featureType&quot;:&quot;poi.park&quot;,&quot;elementType&quot;:&quot;geometry&quot;,&quot;stylers&quot;:[{&quot;color&quot;:&quot;#bde6ab&quot;}]},{&quot;featureType&quot;:&quot;road&quot;,&quot;elementType&quot;:&quot;geometry.stroke&quot;,&quot;stylers&quot;:[{&quot;visibility&quot;:&quot;off&quot;}]},{&quot;featureType&quot;:&quot;road&quot;,&quot;elementType&quot;:&quot;labels&quot;,&quot;stylers&quot;:[{&quot;visibility&quot;:&quot;off&quot;}]},{&quot;featureType&quot;:&quot;road.highway&quot;,&quot;elementType&quot;:&quot;geometry.fill&quot;,&quot;stylers&quot;:[{&quot;color&quot;:&quot;#ffe15f&quot;}]},{&quot;featureType&quot;:&quot;road.highway&quot;,&quot;elementType&quot;:&quot;geometry.stroke&quot;,&quot;stylers&quot;:[{&quot;color&quot;:&quot;#efd151&quot;}]},{&quot;featureType&quot;:&quot;road.arterial&quot;,&quot;elementType&quot;:&quot;geometry.fill&quot;,&quot;stylers&quot;:[{&quot;color&quot;:&quot;#ffffff&quot;}]},{&quot;featureType&quot;:&quot;road.local&quot;,&quot;elementType&quot;:&quot;geometry.fill&quot;,&quot;stylers&quot;:[{&quot;color&quot;:&quot;black&quot;}]},{&quot;featureType&quot;:&quot;transit.station.airport&quot;,&quot;elementType&quot;:&quot;geometry.fill&quot;,&quot;stylers&quot;:[{&quot;color&quot;:&quot;#cfb2db&quot;}]},{&quot;featureType&quot;:&quot;water&quot;,&quot;elementType&quot;:&quot;geometry&quot;,&quot;stylers&quot;:[{&quot;color&quot;:&quot;#a2daf2&quot;}]}]\" data-info-window=\"Agencja nieruchomo\u015bci &quot;Ziemowit&quot;\" data-marker-icon=\"\"><\/div><\/div>\n\n\n\n<div id=\"block-a02579-aa2e-46\" class=\"wp-block-gutenbee-container block-a02579-aa2e-46\"><div class=\"wp-block-gutenbee-container-inner\"><div class=\"wp-block-gutenbee-container-row wp-block-gutenbee-container-lg\">\n<div class=\"wp-block-gutenbee-column block-147cd6-957d-4d\"><style>.wp-block-gutenbee-column.block-147cd6-957d-4d { flex-basis: 66.66%; }\n\n\n      @media (max-width: 991px) {\n        .wp-block-gutenbee-column.block-147cd6-957d-4d { flex-basis: 100%; }\n      }\n    \n\n      @media (max-width: 575px) {\n        .wp-block-gutenbee-column.block-147cd6-957d-4d { flex-basis: 100%; }\n      }<\/style><div class=\"wp-block-gutenbee-column-content\">\n<p>Zapraszamy do Podkowy. Najlepiej jest rozpocz\u0105\u0107 kontakt od rozmowy telefonicznej pod numerem <a href=\"tel:0048502088795\" title=\"call:\">+48 502 088 795<\/a> w godzinach od 8 do 20, lub skorzysta\u0107 z formularza poni\u017cej.<\/p>\n\n\n\n<div class=\"wp-block-contact-form-7-contact-form-selector\"><div role=\"form\" class=\"wpcf7\" id=\"wpcf7-f55-o1\" lang=\"en-US\" dir=\"ltr\">\n<div class=\"screen-reader-response\"><p role=\"status\" aria-live=\"polite\" aria-atomic=\"true\"><\/p> <ul><\/ul><\/div>\n<form action=\"\/index.php\/wp-json\/wp\/v2\/pages\/53#wpcf7-f55-o1\" method=\"post\" class=\"wpcf7-form init\" novalidate=\"novalidate\" data-status=\"init\">\n<div style=\"display: none;\">\n<input type=\"hidden\" name=\"_wpcf7\" value=\"55\" \/>\n<input type=\"hidden\" name=\"_wpcf7_version\" value=\"5.5.6\" \/>\n<input type=\"hidden\" name=\"_wpcf7_locale\" value=\"en_US\" \/>\n<input type=\"hidden\" name=\"_wpcf7_unit_tag\" value=\"wpcf7-f55-o1\" \/>\n<input type=\"hidden\" name=\"_wpcf7_container_post\" value=\"0\" \/>\n<input type=\"hidden\" name=\"_wpcf7_posted_data_hash\" value=\"\" \/>\n<\/div>\n<p><label> Imi\u0119 i nazwisko<br \/>\n    <span class=\"wpcf7-form-control-wrap your-name\"><input type=\"text\" name=\"your-name\" value=\"\" size=\"40\" class=\"wpcf7-form-control wpcf7-text wpcf7-validates-as-required\" aria-required=\"true\" aria-invalid=\"false\" \/><\/span> <\/label><\/p>\n<p><label> Tw\u00f3j email<br \/>\n    <span class=\"wpcf7-form-control-wrap your-email\"><input type=\"email\" name=\"your-email\" value=\"\" size=\"40\" class=\"wpcf7-form-control wpcf7-text wpcf7-email wpcf7-validates-as-required wpcf7-validates-as-email\" aria-required=\"true\" aria-invalid=\"false\" \/><\/span> <\/label><\/p>\n<p><label> Temat<br \/>\n    <span class=\"wpcf7-form-control-wrap your-subject\"><input type=\"text\" name=\"your-subject\" value=\"\" size=\"40\" class=\"wpcf7-form-control wpcf7-text wpcf7-validates-as-required\" aria-required=\"true\" aria-invalid=\"false\" \/><\/span> <\/label><\/p>\n<p><label> Tre\u015b\u0107 wiadomo\u015bci<br \/>\n    <span class=\"wpcf7-form-control-wrap your-message\"><textarea name=\"your-message\" cols=\"40\" rows=\"10\" class=\"wpcf7-form-control wpcf7-textarea\" aria-invalid=\"false\"><\/textarea><\/span> <\/label><\/p>\n<p><input type=\"submit\" value=\"Submit\" class=\"wpcf7-form-control has-spinner wpcf7-submit\" \/><\/p>\n<div class=\"wpcf7-response-output\" aria-hidden=\"true\"><\/div><\/form><\/div><\/div>\n<\/div><\/div>\n\n\n\n<div class=\"wp-block-gutenbee-column block-5ba10f-3de7-48\"><style>.wp-block-gutenbee-column.block-5ba10f-3de7-48 { flex-basis: 33.33%; }\n\n\n      @media (max-width: 991px) {\n        .wp-block-gutenbee-column.block-5ba10f-3de7-48 { flex-basis: 100%; }\n      }\n    \n\n      @media (max-width: 575px) {\n        .wp-block-gutenbee-column.block-5ba10f-3de7-48 { flex-basis: 100%; }\n      }<\/style><div class=\"wp-block-gutenbee-column-content\">\n<h3 class=\"wp-block-heading\" id=\"search-properties\" style=\"text-transform:uppercase\">Szukaj nieruchomo\u015bci<\/h3>\n\n\n<div class=\"property-search-form-vertical\"><form class=\"property-search-form\" action=\"https:\/\/nowa.ziemowit.net\/index.php\/propety-search\/\" method=\"get\">\n\t<input type=\"hidden\" name=\"property_search\" value=\"1\" \/>\n\t<div class=\"row\">\n\n\t\t<div class=\"col-md-3 col-sm-6 col-12\">\n\t\t\t<label for=\"property_id\">Nr oferty<\/label>\n\t\t\t<input type=\"text\" id=\"property_id\" name=\"s_reference_id\" value=\"\" \/>\n\t\t<\/div>\n\n\t\t<div class=\"col-md-3 col-sm-6 col-12\">\n\t\t\t<label for=\"property_location\">Lokalizacja<\/label>\n\n\t\t\t<div class=\"ignition-oikia-select\">\n\t\t\t\t<select  name='s_property_location' id='property_location' class='postform'>\n\t<option value='' selected='selected'>dowolne<\/option>\n\t<option class=\"level-0\" value=\"62\">Grodziski powiat<\/option>\n\t<option class=\"level-1\" value=\"63\">&nbsp;&nbsp;&nbsp;Grodzisk Mazowiecki<\/option>\n\t<option class=\"level-1\" value=\"65\">&nbsp;&nbsp;&nbsp;Milan\u00f3wek<\/option>\n\t<option class=\"level-1\" value=\"67\">&nbsp;&nbsp;&nbsp;Podkowa Le\u015bna<\/option>\n\t<option class=\"level-1\" value=\"74\">&nbsp;&nbsp;&nbsp;\u017babia wola<\/option>\n\t<option class=\"level-2\" value=\"75\">&nbsp;&nbsp;&nbsp;&nbsp;&nbsp;&nbsp;Osowiec<\/option>\n\t<option class=\"level-2\" value=\"110\">&nbsp;&nbsp;&nbsp;&nbsp;&nbsp;&nbsp;Zar\u0119by<\/option>\n\t<option class=\"level-0\" value=\"107\">Warszawa<\/option>\n\t<option class=\"level-1\" value=\"108\">&nbsp;&nbsp;&nbsp;Solec<\/option>\n\t<option class=\"level-1\" value=\"109\">&nbsp;&nbsp;&nbsp;Sadyba<\/option>\n<\/select>\n\t\t\t<\/div>\n\t\t<\/div>\n\n\n\t\t<div class=\"col-md-3 col-sm-6 col-12\">\n\t\t\t<label for=\"property_status\">Status<\/label>\n\n\t\t\t<div class=\"ignition-oikia-select\">\n\t\t\t\t<select  name='s_property_status' id='property_status' class='postform'>\n\t<option value='' selected='selected'>dowolne<\/option>\n\t<option class=\"level-0\" value=\"16\">Sprzeda\u017c<\/option>\n\t<option class=\"level-0\" value=\"96\">Na wy\u0142\u0105czno\u015b\u0107<\/option>\n<\/select>\n\t\t\t<\/div>\n\t\t<\/div>\n\n\t\t<div class=\"col-md-3 col-sm-6 col-12\">\n\t\t\t<label for=\"property_type\">Typ<\/label>\n\n\t\t\t<div class=\"ignition-oikia-select\">\n\t\t\t\t<select  name='s_property_type' id='property_type' class='postform'>\n\t<option value='' selected='selected'>dowolne<\/option>\n\t<option class=\"level-0\" value=\"23\">Dom<\/option>\n\t<option class=\"level-1\" value=\"98\">&nbsp;&nbsp;&nbsp;dom wolnostoj\u0105cy<\/option>\n\t<option class=\"level-0\" value=\"76\">Dzia\u0142ka<\/option>\n\t<option class=\"level-1\" value=\"78\">&nbsp;&nbsp;&nbsp;Budowlana<\/option>\n\t<option class=\"level-1\" value=\"83\">&nbsp;&nbsp;&nbsp;Le\u015bna<\/option>\n\t<option class=\"level-1\" value=\"84\">&nbsp;&nbsp;&nbsp;Inwestycyjna<\/option>\n\t<option class=\"level-0\" value=\"88\">Kszta\u0142t dzia\u0142ki<\/option>\n\t<option class=\"level-1\" value=\"89\">&nbsp;&nbsp;&nbsp;Prostok\u0105tny kszta\u0142t dzia\u0142ki<\/option>\n<\/select>\n\t\t\t<\/div>\n\t\t<\/div>\n\n\t\t<div class=\"col-md-3 col-sm-6 col-12\">\n\t\t\t<label for=\"property_beds\">Min. liczba sypialni<\/label>\n\n\t\t\t<div class=\"ignition-oikia-select\">\n\t\t\t\t<select id=\"property_beds\" name=\"min_bedrooms\">\n\t\t\t\t\t<option value=\"\">wiele<\/option>\n\t\t\t\t\t<option value=\"1\" >1<\/option><option value=\"2\" >2<\/option><option value=\"3\" >3<\/option><option value=\"4\" >4<\/option>\t\t\t\t<\/select>\n\t\t\t<\/div>\n\t\t<\/div>\n\n\t\t<div class=\"col-md-3 col-sm-6 col-12\">\n\t\t\t<label for=\"property_baths\">Min. liczba \u0142azienek<\/label>\n\n\t\t\t<div class=\"ignition-oikia-select\">\n\t\t\t\t<select id=\"property_baths\" name=\"min_bathrooms\">\n\t\t\t\t\t<option value=\"\">wiele<\/option>\n\t\t\t\t\t<option value=\"1\" >1<\/option><option value=\"2\" >2<\/option><option value=\"3\" >3<\/option><option value=\"4\" >4<\/option>\t\t\t\t<\/select>\n\t\t\t<\/div>\n\t\t<\/div>\n\n\t\t<div class=\"col-md-3 col-sm-6 col-12\">\n\t\t\t\t\t\t<label for=\"property_max_price\">Max. cena ( PLN)<\/label>\n\t\t\t<input type=\"number\" min=\"0\" step=\"100\" id=\"property_max_price\" name=\"max_price\" value=\"\"\/>\n\t\t<\/div>\n\n\t\t<div class=\"col-md-3 col-sm-6 col-12\">\n\t\t\t<input type=\"submit\" value=\"Wyszukaj nieruchomo\u015bci\" class=\"property-filters-submit\" \/>\n\t\t<\/div>\n\t<\/div>\n<\/form>\n<\/div>\n<\/div><\/div>\n<\/div><\/div><div class=\"wp-block-gutenbee-container-background\" data-parallax-speed=\"0.3\"><\/div><\/div>\n","protected":false},"excerpt":{"rendered":"","protected":false},"author":1,"featured_media":0,"parent":0,"menu_order":0,"comment_status":"closed","ping_status":"closed","template":"templates\/template-fullwidth-boxed.php","meta":{"_monsterinsights_skip_tracking":false,"_monsterinsights_sitenote_active":false,"_monsterinsights_sitenote_note":"","_monsterinsights_sitenote_category":0,"footnotes":""},"class_list":["post-53","page","type-page","status-publish","hentry"],"_links":{"self":[{"href":"https:\/\/nowa.ziemowit.net\/index.php\/wp-json\/wp\/v2\/pages\/53","targetHints":{"allow":["GET"]}}],"collection":[{"href":"https:\/\/nowa.ziemowit.net\/index.php\/wp-json\/wp\/v2\/pages"}],"about":[{"href":"https:\/\/nowa.ziemowit.net\/index.php\/wp-json\/wp\/v2\/types\/page"}],"author":[{"embeddable":true,"href":"https:\/\/nowa.ziemowit.net\/index.php\/wp-json\/wp\/v2\/users\/1"}],"replies":[{"embeddable":true,"href":"https:\/\/nowa.ziemowit.net\/index.php\/wp-json\/wp\/v2\/comments?post=53"}],"version-history":[{"count":7,"href":"https:\/\/nowa.ziemowit.net\/index.php\/wp-json\/wp\/v2\/pages\/53\/revisions"}],"predecessor-version":[{"id":216,"href":"https:\/\/nowa.ziemowit.net\/index.php\/wp-json\/wp\/v2\/pages\/53\/revisions\/216"}],"wp:attachment":[{"href":"https:\/\/nowa.ziemowit.net\/index.php\/wp-json\/wp\/v2\/media?parent=53"}],"curies":[{"name":"wp","href":"https:\/\/api.w.org\/{rel}","templated":true}]}}